{"id":3,"date":"2023-11-03T10:50:25","date_gmt":"2023-11-03T13:50:25","guid":{"rendered":"http:\/\/deolhonodeputado.app.br\/?page_id=3"},"modified":"2023-11-03T20:42:55","modified_gmt":"2023-11-03T23:42:55","slug":"politica-de-privacidade","status":"publish","type":"page","link":"https:\/\/deolhonodeputado.app.br\/?page_id=3","title":{"rendered":"Pol\u00edtica de privacidade"},"content":{"rendered":"\t\t<div data-elementor-type=\"wp-page\" data-elementor-id=\"3\" class=\"elementor elementor-3\">\n\t\t\t\t\t\t\t<div class=\"elementor-element elementor-element-59db15ca e-flex e-con-boxed e-con e-parent\" data-id=\"59db15ca\" data-element_type=\"container\" data-settings=\"{&quot;content_width&quot;:&quot;boxed&quot;}\" data-core-v316-plus=\"true\">\n\t\t\t\t\t<div class=\"e-con-inner\">\n\t\t\t\t<div class=\"elementor-element elementor-element-2bbb82e2 elementor-widget elementor-widget-text-editor\" data-id=\"2bbb82e2\" data-element_type=\"widget\" data-widget_type=\"text-editor.default\">\n\t\t\t\t<div class=\"elementor-widget-container\">\n\t\t\t<style>\/*! elementor - v3.17.0 - 01-11-2023 *\/\n.elementor-widget-text-editor.elementor-drop-cap-view-stacked .elementor-drop-cap{background-color:#69727d;color:#fff}.elementor-widget-text-editor.elementor-drop-cap-view-framed .elementor-drop-cap{color:#69727d;border:3px solid;background-color:transparent}.elementor-widget-text-editor:not(.elementor-drop-cap-view-default) .elementor-drop-cap{margin-top:8px}.elementor-widget-text-editor:not(.elementor-drop-cap-view-default) .elementor-drop-cap-letter{width:1em;height:1em}.elementor-widget-text-editor .elementor-drop-cap{float:left;text-align:center;line-height:1;font-size:50px}.elementor-widget-text-editor .elementor-drop-cap-letter{display:inline-block}<\/style>\t\t\t\t<p><!-- wp:heading --><\/p>\n<p>Pol\u00edtica Privacidade<\/p>\n<p>A sua privacidade \u00e9 importante para n\u00f3s. \u00c9 pol\u00edtica do De olho no<\/p>\n<p>deputado respeitar a sua privacidade em rela\u00e7\u00e3o a qualquer informa\u00e7\u00e3o<\/p>\n<p>sua que possamos coletar no site De olho no deputado, e outros sites que<\/p>\n<p>possu\u00edmos e operamos.<\/p>\n<p>Solicitamos informa\u00e7\u00f5es pessoais apenas quando realmente precisamos<\/p>\n<p>delas para lhe fornecer um servi\u00e7o. Fazemo-lo por meios justos e legais,<\/p>\n<p>com o seu conhecimento e consentimento. Tamb\u00e9m informamos por que<\/p>\n<p>estamos coletando e como ser\u00e1 usado.<\/p>\n<p>Apenas retemos as informa\u00e7\u00f5es coletadas pelo tempo necess\u00e1rio para<\/p>\n<p>fornecer o servi\u00e7o solicitado. Quando armazenamos dados, protegemos<\/p>\n<p>dentro de meios comercialmente aceit\u00e1veis para evitar perdas e roubos,<\/p>\n<p>bem como acesso, divulga\u00e7\u00e3o, c\u00f3pia, uso ou modifica\u00e7\u00e3o n\u00e3o autorizados.<\/p>\n<p>N\u00e3o compartilhamos informa\u00e7\u00f5es de identifica\u00e7\u00e3o pessoal publicamente<\/p>\n<p>ou com terceiros, exceto quando exigido por lei.<\/p>\n<p>O nosso site pode ter links para sites externos que n\u00e3o s\u00e3o operados por<\/p>\n<p>n\u00f3s. Esteja ciente de que n\u00e3o temos controle sobre o conte\u00fado e pr\u00e1ticas<\/p>\n<p>desses sites e n\u00e3o podemos aceitar responsabilidade por suas respectivas<\/p>\n<p>pol\u00edticas de privacidade.<\/p>\n<p>Voc\u00ea \u00e9 livre para recusar a nossa solicita\u00e7\u00e3o de informa\u00e7\u00f5es pessoais,<\/p>\n<p>entendendo que talvez n\u00e3o possamos fornecer alguns dos servi\u00e7os<\/p>\n<p>desejados.<\/p>\n<p>O uso continuado de nosso site ser\u00e1 considerado como aceita\u00e7\u00e3o de<\/p>\n<p>nossas pr\u00e1ticas em torno de privacidade e informa\u00e7\u00f5es pessoais. Se voc\u00ea<\/p>\n<p>tiver alguma d\u00favida sobre como lidamos com dados do usu\u00e1rio e<\/p>\n<p>informa\u00e7\u00f5es pessoais, entre em contato conosco.<\/p>\n<p>Compromisso do Usu\u00e1rio<\/p>\n<p>O usu\u00e1rio se compromete a fazer uso adequado dos conte\u00fados e da<\/p>\n<p>informa\u00e7\u00e3o que o De olho no deputado oferece no site e com car\u00e1ter<\/p>\n<p>enunciativo, mas n\u00e3o limitativo:<\/p>\n<p>\u25cf A) N\u00e3o se envolver em atividades que sejam ilegais ou contr\u00e1rias \u00e0<\/p>\n<p>boa f\u00e9 a \u00e0 ordem p\u00fablica;<\/p>\n<p>\u00a0<\/p>\n<p>\u25cf B) N\u00e3o difundir propaganda ou conte\u00fado de natureza racista,<\/p>\n<p>xenof\u00f3bica, ou casas de apostas online, jogos de sorte e azar,<\/p>\n<p>qualquer tipo de pornografia ilegal, de apologia ao terrorismo ou<\/p>\n<p>contra os direitos humanos;<\/p>\n<p>\u25cf C) N\u00e3o causar danos aos sistemas f\u00edsicos (hardwares) e l\u00f3gicos<\/p>\n<p>(softwares) do De olho no deputado, de seus fornecedores ou<\/p>\n<p>terceiros, para introduzir ou disseminar v\u00edrus inform\u00e1ticos ou<\/p>\n<p>quaisquer outros sistemas de hardware ou software que sejam<\/p>\n<p>capazes de causar danos anteriormente mencionados.<\/p>\n<p>Mais informa\u00e7\u00f5es<\/p>\n<p>Esperemos que esteja esclarecido e, como mencionado anteriormente, se<\/p>\n<p>houver algo que voc\u00ea n\u00e3o tem certeza se precisa ou n\u00e3o, geralmente \u00e9<\/p>\n<p>mais seguro deixar os cookies ativados, caso interaja com um dos recursos<\/p>\n<p>que voc\u00ea usa em nosso site.<\/p>\n<p>Esta pol\u00edtica \u00e9 efetiva a partir de Jul\/2022.<\/p>\n<p>Fonte dos dados: https:\/\/dadosabertos.camara.leg.br\/<br \/>* Este aplicativo n\u00e3o tem liga\u00e7\u00e3o com o Governo Federal, seu intuito \u00e9 apenas informativo servindo como ferramenta para a popula\u00e7\u00e3o, os dados apresentados neste aplicativo podem ser consultados diretamente no site da C\u00e2mara dos Deputados<\/p>\n<p><!-- \/wp:paragraph --><\/p>\t\t\t\t\t\t<\/div>\n\t\t\t\t<\/div>\n\t\t\t\t\t<\/div>\n\t\t\t\t<\/div>\n\t\t\t\t\t\t\t<\/div>\n\t\t","protected":false},"excerpt":{"rendered":"<p>Pol\u00edtica Privacidade A sua privacidade \u00e9 importante para n\u00f3s. \u00c9 pol\u00edtica do De olho no deputado respeitar a sua privacidade em rela\u00e7\u00e3o a qualquer informa\u00e7\u00e3o sua que possamos coletar no site De olho no deputado, e outros sites que possu\u00edmos e operamos. Solicitamos informa\u00e7\u00f5es pessoais apenas quando realmente precisamos delas para lhe fornecer um servi\u00e7o. &#8230; <a title=\"Pol\u00edtica de privacidade\" class=\"read-more\" href=\"https:\/\/deolhonodeputado.app.br\/?page_id=3\" aria-label=\"More on Pol\u00edtica de privacidade\">Read more<\/a><\/p>\n","protected":false},"author":1,"featured_media":0,"parent":0,"menu_order":0,"comment_status":"closed","ping_status":"open","template":"","meta":{"om_disable_all_campaigns":false,"_monsterinsights_skip_tracking":false,"_monsterinsights_sitenote_active":false,"_monsterinsights_sitenote_note":"","_monsterinsights_sitenote_category":0,"footnotes":""},"aioseo_notices":[],"_links":{"self":[{"href":"https:\/\/deolhonodeputado.app.br\/index.php?rest_route=\/wp\/v2\/pages\/3"}],"collection":[{"href":"https:\/\/deolhonodeputado.app.br\/index.php?rest_route=\/wp\/v2\/pages"}],"about":[{"href":"https:\/\/deolhonodeputado.app.br\/index.php?rest_route=\/wp\/v2\/types\/page"}],"author":[{"embeddable":true,"href":"https:\/\/deolhonodeputado.app.br\/index.php?rest_route=\/wp\/v2\/users\/1"}],"replies":[{"embeddable":true,"href":"https:\/\/deolhonodeputado.app.br\/index.php?rest_route=%2Fwp%2Fv2%2Fcomments&post=3"}],"version-history":[{"count":3,"href":"https:\/\/deolhonodeputado.app.br\/index.php?rest_route=\/wp\/v2\/pages\/3\/revisions"}],"predecessor-version":[{"id":13,"href":"https:\/\/deolhonodeputado.app.br\/index.php?rest_route=\/wp\/v2\/pages\/3\/revisions\/13"}],"wp:attachment":[{"href":"https:\/\/deolhonodeputado.app.br\/index.php?rest_route=%2Fwp%2Fv2%2Fmedia&parent=3"}],"curies":[{"name":"wp","href":"https:\/\/api.w.org\/{rel}","templated":true}]}}